{"id":56685,"date":"2017-10-18T17:05:46","date_gmt":"2017-10-18T15:05:46","guid":{"rendered":"https:\/\/depasz.com\/?page_id=56685"},"modified":"2018-07-04T17:40:52","modified_gmt":"2018-07-04T15:40:52","slug":"delivery-information","status":"publish","type":"page","link":"https:\/\/depasz.com\/en\/delivery-information\/","title":{"rendered":"Delivery Information"},"content":{"rendered":"<p>[vc_row row_height_percent=&#8221;0&#8243; override_padding=&#8221;yes&#8221; h_padding=&#8221;2&#8243; top_padding=&#8221;3&#8243; bottom_padding=&#8221;3&#8243; overlay_alpha=&#8221;50&#8243; gutter_size=&#8221;3&#8243; column_width_percent=&#8221;100&#8243; shift_y=&#8221;0&#8243; z_index=&#8221;0&#8243;][vc_column column_width_percent=&#8221;100&#8243; overlay_alpha=&#8221;50&#8243; gutter_size=&#8221;3&#8243; medium_width=&#8221;0&#8243; mobile_visibility=&#8221;yes&#8221; mobile_width=&#8221;0&#8243; shift_x=&#8221;0&#8243; shift_y=&#8221;0&#8243; shift_y_down=&#8221;0&#8243; z_index=&#8221;0&#8243; width=&#8221;1\/4&#8243;][vc_custom_heading heading_semantic=&#8221;h5&#8243; text_size=&#8221;&#8221; separator=&#8221;yes&#8221; sub_reduced=&#8221;yes&#8221;]Customer Service[\/vc_custom_heading][vc_wp_custommenu nav_menu=&#8221;263&#8243;][\/vc_column][vc_column width=&#8221;3\/4&#8243;][vc_column_text]<\/p>\n<h3>Shipping Options<\/h3>\n<h5>Germany delivery<\/h5>\n<p>Standard shipping within Germany with Deutsche Post or DHL.<br \/>\nA shipping fee of 5,00 \u20ac will be charged per order.<\/p>\n<h5>Europe and Rest of the World delivery<\/h5>\n<p>A shipping fee of 10,00 \u20ac per order will be charged for international shipping.<\/p>\n<h5>Pickup at our Cologne office<\/h5>\n<p>Want something sooner? Pick up your online selections in person at our office in Cologne. Most items should be available for pickup within 24 hours after your order is placed. You will receive a notification email when your order is ready.<\/p>\n<p>WHAT TO BRING: When picking up your order, please bring a printed or digital version of your order confirmation and a valid ID.<\/p>\n<h6>D\u00e9pasz<br \/>\nKrefelderstr. 7<br \/>\n50670 Cologne<br \/>\nGermany<\/h6>\n<p>[\/vc_column_text][vc_button button_color=&#8221;accent&#8221; size=&#8221;link&#8221; btn_link_size=&#8221;fontsize-109082&#8243; border_width=&#8221;0&#8243; icon_position=&#8221;right&#8221; display=&#8221;inline&#8221; top_margin=&#8221;yes&#8221; link=&#8221;url:https%3A%2F%2Fgoo.gl%2Fmaps%2FrZcAt7MUH5R2|title:Google%20Maps%20Routenplaner|target:%20_blank|&#8221; icon=&#8221;fa fa-chevron-right2&#8243;]Google Maps Route Planner[\/vc_button][vc_separator sep_color=&#8221;color-uydo&#8221;][vc_column_text]*Please note that we do not ship on Saturdays, Sundays or nationally observed German holidays.[\/vc_column_text][vc_separator sep_color=&#8221;color-uydo&#8221;][vc_column_text]<\/p>\n<h3>Return shipping costs<\/h3>\n<p>Unfortunately, we cannot offer free returns. If you wish to return your order (or part of it), then you will need to pay postage.[\/vc_column_text][vc_separator sep_color=&#8221;color-uydo&#8221;][vc_column_text]<\/p>\n<h3>Delivery times<\/h3>\n<p>Within Germany: 2-4 business days<\/p>\n<p>Within Europe: 5-8 business days<\/p>\n<p>Rest of the world: International delivery times vary considerably. Please contact us to receive more information about international shipping times: <a href=\"mailto:info@depasz.com\">info@depasz.com<\/a>.[\/vc_column_text][vc_separator sep_color=&#8221;color-uydo&#8221;][vc_column_text]<\/p>\n<h3>Order confirmation and status<\/h3>\n<p>Once you\u2019ve finished placing your order, you\u2019ll immediately be given an order confirmation number. We\u2019ll also send you an email with this and full details of your order. You will be sent another email once your order has been shipped. You can see the status of your order anytime by signing into your <a href=\"https:\/\/depasz.com\/en\/my-account\/\">Customer Account<\/a>.[\/vc_column_text][\/vc_column][\/vc_row]<\/p>\n","protected":false},"excerpt":{"rendered":"<p>[vc_row row_height_percent=&#8221;0&#8243; override_padding=&#8221;yes&#8221; h_padding=&#8221;2&#8243; top_padding=&#8221;3&#8243; bottom_padding=&#8221;3&#8243; overlay_alpha=&#8221;50&#8243; gutter_size=&#8221;3&#8243; column_width_percent=&#8221;100&#8243; shift_y=&#8221;0&#8243; z_index=&#8221;0&#8243;][vc_column column_width_percent=&#8221;100&#8243; overlay_alpha=&#8221;50&#8243; gutter_size=&#8221;3&#8243; medium_width=&#8221;0&#8243; mobile_visibility=&#8221;yes&#8221; mobile_width=&#8221;0&#8243; shift_x=&#8221;0&#8243; shift_y=&#8221;0&#8243; shift_y_down=&#8221;0&#8243; [&hellip;]<\/p>\n","protected":false},"author":1,"featured_media":0,"parent":0,"menu_order":0,"comment_status":"closed","ping_status":"closed","template":"","meta":[],"yoast_head":"<!-- This site is optimized with the Yoast SEO plugin v18.0 - https:\/\/yoast.com\/wordpress\/plugins\/seo\/ -->\n<title>Delivery and Shipping Information | D\u00c9PASZ<\/title>\n<meta name=\"description\" content=\"Im D\u00e9pasz Online-Shop stehen folgende Versandarten f\u00fcr Sie bereit: national und international per Post oder DHL sowie Abholung vor Ort in K\u00f6ln.\" \/>\n<meta name=\"robots\" content=\"index, follow, max-snippet:-1, max-image-preview:large, max-video-preview:-1\" \/>\n<link rel=\"canonical\" href=\"https:\/\/depasz.com\/en\/delivery-information\/\" \/>\n<meta property=\"og:locale\" content=\"en_US\" \/>\n<meta property=\"og:type\" content=\"article\" \/>\n<meta property=\"og:title\" content=\"Delivery and Shipping Information | D\u00c9PASZ\" \/>\n<meta property=\"og:description\" content=\"Im D\u00e9pasz Online-Shop stehen folgende Versandarten f\u00fcr Sie bereit: national und international per Post oder DHL sowie Abholung vor Ort in K\u00f6ln.\" \/>\n<meta property=\"og:url\" content=\"https:\/\/depasz.com\/en\/delivery-information\/\" \/>\n<meta property=\"og:site_name\" content=\"D\u00c9PASZ\" \/>\n<meta property=\"article:publisher\" content=\"https:\/\/www.facebook.com\/depasz\/\" \/>\n<meta property=\"article:modified_time\" content=\"2018-07-04T15:40:52+00:00\" \/>\n<meta property=\"og:image\" content=\"https:\/\/depasz.com\/wp-content\/uploads\/2017\/12\/depasz_recycled_pure_denim_pair_palms_ks_1920.jpg\" \/>\n\t<meta property=\"og:image:width\" content=\"1920\" \/>\n\t<meta property=\"og:image:height\" content=\"1080\" \/>\n\t<meta property=\"og:image:type\" content=\"image\/jpeg\" \/>\n<meta name=\"twitter:card\" content=\"summary\" \/>\n<meta name=\"twitter:site\" content=\"@depaszdesign\" \/>\n<meta name=\"twitter:label1\" content=\"Est. reading time\" \/>\n\t<meta name=\"twitter:data1\" content=\"2 minutes\" \/>\n<script type=\"application\/ld+json\" class=\"yoast-schema-graph\">{\"@context\":\"https:\/\/schema.org\",\"@graph\":[{\"@type\":\"WebSite\",\"@id\":\"https:\/\/depasz.com\/#website\",\"url\":\"https:\/\/depasz.com\/\",\"name\":\"D\u00c9PASZ\",\"description\":\"\",\"potentialAction\":[{\"@type\":\"SearchAction\",\"target\":{\"@type\":\"EntryPoint\",\"urlTemplate\":\"https:\/\/depasz.com\/?s={search_term_string}\"},\"query-input\":\"required name=search_term_string\"}],\"inLanguage\":\"en-US\"},{\"@type\":\"WebPage\",\"@id\":\"https:\/\/depasz.com\/en\/delivery-information\/#webpage\",\"url\":\"https:\/\/depasz.com\/en\/delivery-information\/\",\"name\":\"Delivery and Shipping Information | D\u00c9PASZ\",\"isPartOf\":{\"@id\":\"https:\/\/depasz.com\/#website\"},\"datePublished\":\"2017-10-18T15:05:46+00:00\",\"dateModified\":\"2018-07-04T15:40:52+00:00\",\"description\":\"Im D\u00e9pasz Online-Shop stehen folgende Versandarten f\u00fcr Sie bereit: national und international per Post oder DHL sowie Abholung vor Ort in K\u00f6ln.\",\"breadcrumb\":{\"@id\":\"https:\/\/depasz.com\/en\/delivery-information\/#breadcrumb\"},\"inLanguage\":\"en-US\",\"potentialAction\":[{\"@type\":\"ReadAction\",\"target\":[\"https:\/\/depasz.com\/en\/delivery-information\/\"]}]},{\"@type\":\"BreadcrumbList\",\"@id\":\"https:\/\/depasz.com\/en\/delivery-information\/#breadcrumb\",\"itemListElement\":[{\"@type\":\"ListItem\",\"position\":1,\"name\":\"Startseite\",\"item\":\"https:\/\/depasz.com\/en\/\"},{\"@type\":\"ListItem\",\"position\":2,\"name\":\"Delivery Information\"}]}]}<\/script>\n<!-- \/ Yoast SEO plugin. -->","yoast_head_json":{"title":"Delivery and Shipping Information | D\u00c9PASZ","description":"Im D\u00e9pasz Online-Shop stehen folgende Versandarten f\u00fcr Sie bereit: national und international per Post oder DHL sowie Abholung vor Ort in K\u00f6ln.","robots":{"index":"index","follow":"follow","max-snippet":"max-snippet:-1","max-image-preview":"max-image-preview:large","max-video-preview":"max-video-preview:-1"},"canonical":"https:\/\/depasz.com\/en\/delivery-information\/","og_locale":"en_US","og_type":"article","og_title":"Delivery and Shipping Information | D\u00c9PASZ","og_description":"Im D\u00e9pasz Online-Shop stehen folgende Versandarten f\u00fcr Sie bereit: national und international per Post oder DHL sowie Abholung vor Ort in K\u00f6ln.","og_url":"https:\/\/depasz.com\/en\/delivery-information\/","og_site_name":"D\u00c9PASZ","article_publisher":"https:\/\/www.facebook.com\/depasz\/","article_modified_time":"2018-07-04T15:40:52+00:00","og_image":[{"width":1920,"height":1080,"url":"https:\/\/depasz.com\/wp-content\/uploads\/2017\/12\/depasz_recycled_pure_denim_pair_palms_ks_1920.jpg","type":"image\/jpeg"}],"twitter_card":"summary","twitter_site":"@depaszdesign","twitter_misc":{"Est. reading time":"2 minutes"},"schema":{"@context":"https:\/\/schema.org","@graph":[{"@type":"WebSite","@id":"https:\/\/depasz.com\/#website","url":"https:\/\/depasz.com\/","name":"D\u00c9PASZ","description":"","potentialAction":[{"@type":"SearchAction","target":{"@type":"EntryPoint","urlTemplate":"https:\/\/depasz.com\/?s={search_term_string}"},"query-input":"required name=search_term_string"}],"inLanguage":"en-US"},{"@type":"WebPage","@id":"https:\/\/depasz.com\/en\/delivery-information\/#webpage","url":"https:\/\/depasz.com\/en\/delivery-information\/","name":"Delivery and Shipping Information | D\u00c9PASZ","isPartOf":{"@id":"https:\/\/depasz.com\/#website"},"datePublished":"2017-10-18T15:05:46+00:00","dateModified":"2018-07-04T15:40:52+00:00","description":"Im D\u00e9pasz Online-Shop stehen folgende Versandarten f\u00fcr Sie bereit: national und international per Post oder DHL sowie Abholung vor Ort in K\u00f6ln.","breadcrumb":{"@id":"https:\/\/depasz.com\/en\/delivery-information\/#breadcrumb"},"inLanguage":"en-US","potentialAction":[{"@type":"ReadAction","target":["https:\/\/depasz.com\/en\/delivery-information\/"]}]},{"@type":"BreadcrumbList","@id":"https:\/\/depasz.com\/en\/delivery-information\/#breadcrumb","itemListElement":[{"@type":"ListItem","position":1,"name":"Startseite","item":"https:\/\/depasz.com\/en\/"},{"@type":"ListItem","position":2,"name":"Delivery Information"}]}]}},"_links":{"self":[{"href":"https:\/\/depasz.com\/en\/wp-json\/wp\/v2\/pages\/56685"}],"collection":[{"href":"https:\/\/depasz.com\/en\/wp-json\/wp\/v2\/pages"}],"about":[{"href":"https:\/\/depasz.com\/en\/wp-json\/wp\/v2\/types\/page"}],"author":[{"embeddable":true,"href":"https:\/\/depasz.com\/en\/wp-json\/wp\/v2\/users\/1"}],"replies":[{"embeddable":true,"href":"https:\/\/depasz.com\/en\/wp-json\/wp\/v2\/comments?post=56685"}],"version-history":[{"count":7,"href":"https:\/\/depasz.com\/en\/wp-json\/wp\/v2\/pages\/56685\/revisions"}],"predecessor-version":[{"id":57258,"href":"https:\/\/depasz.com\/en\/wp-json\/wp\/v2\/pages\/56685\/revisions\/57258"}],"wp:attachment":[{"href":"https:\/\/depasz.com\/en\/wp-json\/wp\/v2\/media?parent=56685"}],"curies":[{"name":"wp","href":"https:\/\/api.w.org\/{rel}","templated":true}]}}