{"id":56154,"date":"2015-06-11T16:03:51","date_gmt":"2015-06-11T14:03:51","guid":{"rendered":"http:\/\/depasz.com\/?page_id=56154\/"},"modified":"2018-03-08T10:55:16","modified_gmt":"2018-03-08T09:55:16","slug":"terms-of-use","status":"publish","type":"page","link":"https:\/\/depasz.com\/en\/terms-of-use\/","title":{"rendered":"Terms of Use"},"content":{"rendered":"<p>[vc_row row_height_percent=&#8221;60&#8243; override_padding=&#8221;yes&#8221; h_padding=&#8221;2&#8243; top_padding=&#8221;3&#8243; bottom_padding=&#8221;3&#8243; back_color=&#8221;color-nhtu&#8221; back_image=&#8221;55986&#8243; back_repeat=&#8221;no-repeat&#8221; back_position=&#8221;center center&#8221; overlay_color=&#8221;color-rgdb&#8221; overlay_alpha=&#8221;30&#8243; gutter_size=&#8221;3&#8243; shift_y=&#8221;0&#8243;][vc_column column_width_percent=&#8221;100&#8243; position_vertical=&#8221;bottom&#8221; style=&#8221;dark&#8221; overlay_alpha=&#8221;50&#8243; gutter_size=&#8221;3&#8243; medium_width=&#8221;0&#8243; shift_x=&#8221;0&#8243; shift_y=&#8221;0&#8243; z_index=&#8221;0&#8243; zoom_width=&#8221;0&#8243; zoom_height=&#8221;0&#8243; width=&#8221;1\/1&#8243;][vc_custom_heading heading_semantic=&#8221;h1&#8243; text_size=&#8221;&#8221; text_weight=&#8221;700&#8243; sub_lead=&#8221;yes&#8221; text_uppercase=&#8221;&#8221;]Legal Disclosure[\/vc_custom_heading][\/vc_column][\/vc_row][vc_row row_height_percent=&#8221;0&#8243; override_padding=&#8221;yes&#8221; h_padding=&#8221;2&#8243; top_padding=&#8221;3&#8243; bottom_padding=&#8221;3&#8243; overlay_alpha=&#8221;100&#8243; gutter_size=&#8221;100&#8243; style=&#8221;inherited&#8221;][vc_column width=&#8221;1\/3&#8243;][vc_column_text]<\/p>\n<h5>Company information<\/h5>\n<p style=\"margin: 10px 0 0;\">(in accordance with Section 5 of the German Telemedia Act)<\/p>\n<p>D\u00c9PASZ Design<br \/>\nKrefelderstr. 7<br \/>\n50670\u00a0Cologne<br \/>\nGermany<\/p>\n<p>\u00a9 D\u00c9PASZ Design<\/p>\n<h5>Contact<\/h5>\n<p style=\"margin: 10px 0 0;\">Telephone: +49 221 790 030 90<br \/>\nE-mail: <a href=\"mailto:info@depasz.com\">info@depasz.com<\/a><br \/>\nWebsite: <a href=\"https:\/\/depasz.com\/en\/\">www.depasz.com<\/a><\/p>\n<h5>VAT-ID<\/h5>\n<p style=\"margin: 10px 0 0;\">VAT identification number according to \u00a7 27 German Sales Tax Law:<br \/>\nDE 300 618 208<\/p>\n<p>[\/vc_column_text][\/vc_column][vc_column column_width_percent=&#8221;100&#8243; overlay_alpha=&#8221;50&#8243; gutter_size=&#8221;3&#8243; medium_width=&#8221;0&#8243; shift_x=&#8221;0&#8243; shift_y=&#8221;0&#8243; zoom_width=&#8221;0&#8243; zoom_height=&#8221;0&#8243; width=&#8221;2\/3&#8243;][vc_custom_heading heading_semantic=&#8221;h3&#8243; text_size=&#8221;h3&#8243;]Disclaimer[\/vc_custom_heading][vc_column_text]<\/p>\n<h5>Accountability for content<\/h5>\n<p>The contents of our pages have been created with the utmost care. However, we cannot guarantee the contents&#8217; accuracy, completeness or topicality. According to statutory provisions, we are furthermore responsible for our own content on these web pages. In this context, please note that we are accordingly not obliged to monitor merely the transmitted or saved information of third parties, or investigate circumstances pointing to illegal activity. Our obligations to remove or block the use of information under generally applicable laws remain unaffected by this as per \u00a7\u00a7 8 to 10 of the Telemedia Act (TMG).<\/p>\n<h5>Accountability for links<\/h5>\n<p>Responsibility for the content of external links (to web pages of third parties) lies solely with the operators of the linked pages. No violations were evident to us at the time of linking. Should any legal infringement become known to us, we will remove the respective link immediately.<\/p>\n<h5>Copyright<\/h5>\n<p>Our web pages and their contents are subject to German copyright law. Unless expressly permitted by law (\u00a7 44a et seq. of the copyright law), every form of utilizing, reproducing or processing works subject to copyright protection on our web pages requires the prior consent of the respective owner of the rights. Individual reproductions of a work are allowed only for private use, so must not serve either directly or indirectly for earnings. Unauthorized utilization of copyrighted works is punishable (\u00a7 106 of the copyright law).[\/vc_column_text][vc_separator][vc_column_text]<\/p>\n<h3>Alternative dispute resolution in accordance with Art. 14 para. 1 ODR Regulation and \u00a7 36 VSBG:<\/h3>\n<p>The European Commission provides an online dispute resolution platform (OS) which you can find at <a href=\"http:\/\/ec.europa.eu\/consumers\/odr\/\" target=\"_blank\" rel=\"noopener\">http:\/\/ec.europa.eu\/consumers\/odr\/<\/a>. We are neither obliged nor willing to participate in a dispute resolution procedure before a consumer arbitration board.[\/vc_column_text][\/vc_column][\/vc_row]<\/p>\n","protected":false},"excerpt":{"rendered":"<p>[vc_row row_height_percent=&#8221;60&#8243; override_padding=&#8221;yes&#8221; h_padding=&#8221;2&#8243; top_padding=&#8221;3&#8243; bottom_padding=&#8221;3&#8243; back_color=&#8221;color-nhtu&#8221; back_image=&#8221;55986&#8243; back_repeat=&#8221;no-repeat&#8221; back_position=&#8221;center center&#8221; overlay_color=&#8221;color-rgdb&#8221; overlay_alpha=&#8221;30&#8243; gutter_size=&#8221;3&#8243; shift_y=&#8221;0&#8243;][vc_column column_width_percent=&#8221;100&#8243; position_vertical=&#8221;bottom&#8221; style=&#8221;dark&#8221; overlay_alpha=&#8221;50&#8243; gutter_size=&#8221;3&#8243; [&hellip;]<\/p>\n","protected":false},"author":1,"featured_media":0,"parent":0,"menu_order":0,"comment_status":"open","ping_status":"closed","template":"","meta":[],"yoast_head":"<!-- This site is optimized with the Yoast SEO plugin v18.0 - https:\/\/yoast.com\/wordpress\/plugins\/seo\/ -->\n<title>Terms of Use | D\u00c9PASZ<\/title>\n<meta name=\"description\" content=\"Impressum D\u00e9pasz | Inhaber Matthias Jakob | Krefelderstr. 7 50670 K\u00f6ln. Telefon: +49 221-79003090. E-mail: info@depasz.com.\" \/>\n<meta name=\"robots\" content=\"index, follow, max-snippet:-1, max-image-preview:large, max-video-preview:-1\" \/>\n<link rel=\"canonical\" href=\"https:\/\/depasz.com\/en\/terms-of-use\/\" \/>\n<meta property=\"og:locale\" content=\"en_US\" \/>\n<meta property=\"og:type\" content=\"article\" \/>\n<meta property=\"og:title\" content=\"Terms of Use | D\u00c9PASZ\" \/>\n<meta property=\"og:description\" content=\"Impressum D\u00e9pasz | Inhaber Matthias Jakob | Krefelderstr. 7 50670 K\u00f6ln. Telefon: +49 221-79003090. E-mail: info@depasz.com.\" \/>\n<meta property=\"og:url\" content=\"https:\/\/depasz.com\/en\/terms-of-use\/\" \/>\n<meta property=\"og:site_name\" content=\"D\u00c9PASZ\" \/>\n<meta property=\"article:publisher\" content=\"https:\/\/www.facebook.com\/depasz\/\" \/>\n<meta property=\"article:modified_time\" content=\"2018-03-08T09:55:16+00:00\" \/>\n<meta property=\"og:image\" content=\"https:\/\/depasz.com\/wp-content\/uploads\/2017\/12\/depasz_recycled_pure_denim_pair_palms_ks_1920.jpg\" \/>\n\t<meta property=\"og:image:width\" content=\"1920\" \/>\n\t<meta property=\"og:image:height\" content=\"1080\" \/>\n\t<meta property=\"og:image:type\" content=\"image\/jpeg\" \/>\n<meta name=\"twitter:card\" content=\"summary\" \/>\n<meta name=\"twitter:site\" content=\"@depaszdesign\" \/>\n<meta name=\"twitter:label1\" content=\"Est. reading time\" \/>\n\t<meta name=\"twitter:data1\" content=\"2 minutes\" \/>\n<script type=\"application\/ld+json\" class=\"yoast-schema-graph\">{\"@context\":\"https:\/\/schema.org\",\"@graph\":[{\"@type\":\"WebSite\",\"@id\":\"https:\/\/depasz.com\/#website\",\"url\":\"https:\/\/depasz.com\/\",\"name\":\"D\u00c9PASZ\",\"description\":\"\",\"potentialAction\":[{\"@type\":\"SearchAction\",\"target\":{\"@type\":\"EntryPoint\",\"urlTemplate\":\"https:\/\/depasz.com\/?s={search_term_string}\"},\"query-input\":\"required name=search_term_string\"}],\"inLanguage\":\"en-US\"},{\"@type\":\"WebPage\",\"@id\":\"https:\/\/depasz.com\/en\/terms-of-use\/#webpage\",\"url\":\"https:\/\/depasz.com\/en\/terms-of-use\/\",\"name\":\"Terms of Use | D\u00c9PASZ\",\"isPartOf\":{\"@id\":\"https:\/\/depasz.com\/#website\"},\"datePublished\":\"2015-06-11T14:03:51+00:00\",\"dateModified\":\"2018-03-08T09:55:16+00:00\",\"description\":\"Impressum D\u00e9pasz | Inhaber Matthias Jakob | Krefelderstr. 7 50670 K\u00f6ln. Telefon: +49 221-79003090. E-mail: info@depasz.com.\",\"breadcrumb\":{\"@id\":\"https:\/\/depasz.com\/en\/terms-of-use\/#breadcrumb\"},\"inLanguage\":\"en-US\",\"potentialAction\":[{\"@type\":\"ReadAction\",\"target\":[\"https:\/\/depasz.com\/en\/terms-of-use\/\"]}]},{\"@type\":\"BreadcrumbList\",\"@id\":\"https:\/\/depasz.com\/en\/terms-of-use\/#breadcrumb\",\"itemListElement\":[{\"@type\":\"ListItem\",\"position\":1,\"name\":\"Startseite\",\"item\":\"https:\/\/depasz.com\/en\/\"},{\"@type\":\"ListItem\",\"position\":2,\"name\":\"Terms of Use\"}]}]}<\/script>\n<!-- \/ Yoast SEO plugin. -->","yoast_head_json":{"title":"Terms of Use | D\u00c9PASZ","description":"Impressum D\u00e9pasz | Inhaber Matthias Jakob | Krefelderstr. 7 50670 K\u00f6ln. Telefon: +49 221-79003090. E-mail: info@depasz.com.","robots":{"index":"index","follow":"follow","max-snippet":"max-snippet:-1","max-image-preview":"max-image-preview:large","max-video-preview":"max-video-preview:-1"},"canonical":"https:\/\/depasz.com\/en\/terms-of-use\/","og_locale":"en_US","og_type":"article","og_title":"Terms of Use | D\u00c9PASZ","og_description":"Impressum D\u00e9pasz | Inhaber Matthias Jakob | Krefelderstr. 7 50670 K\u00f6ln. Telefon: +49 221-79003090. E-mail: info@depasz.com.","og_url":"https:\/\/depasz.com\/en\/terms-of-use\/","og_site_name":"D\u00c9PASZ","article_publisher":"https:\/\/www.facebook.com\/depasz\/","article_modified_time":"2018-03-08T09:55:16+00:00","og_image":[{"width":1920,"height":1080,"url":"https:\/\/depasz.com\/wp-content\/uploads\/2017\/12\/depasz_recycled_pure_denim_pair_palms_ks_1920.jpg","type":"image\/jpeg"}],"twitter_card":"summary","twitter_site":"@depaszdesign","twitter_misc":{"Est. reading time":"2 minutes"},"schema":{"@context":"https:\/\/schema.org","@graph":[{"@type":"WebSite","@id":"https:\/\/depasz.com\/#website","url":"https:\/\/depasz.com\/","name":"D\u00c9PASZ","description":"","potentialAction":[{"@type":"SearchAction","target":{"@type":"EntryPoint","urlTemplate":"https:\/\/depasz.com\/?s={search_term_string}"},"query-input":"required name=search_term_string"}],"inLanguage":"en-US"},{"@type":"WebPage","@id":"https:\/\/depasz.com\/en\/terms-of-use\/#webpage","url":"https:\/\/depasz.com\/en\/terms-of-use\/","name":"Terms of Use | D\u00c9PASZ","isPartOf":{"@id":"https:\/\/depasz.com\/#website"},"datePublished":"2015-06-11T14:03:51+00:00","dateModified":"2018-03-08T09:55:16+00:00","description":"Impressum D\u00e9pasz | Inhaber Matthias Jakob | Krefelderstr. 7 50670 K\u00f6ln. Telefon: +49 221-79003090. E-mail: info@depasz.com.","breadcrumb":{"@id":"https:\/\/depasz.com\/en\/terms-of-use\/#breadcrumb"},"inLanguage":"en-US","potentialAction":[{"@type":"ReadAction","target":["https:\/\/depasz.com\/en\/terms-of-use\/"]}]},{"@type":"BreadcrumbList","@id":"https:\/\/depasz.com\/en\/terms-of-use\/#breadcrumb","itemListElement":[{"@type":"ListItem","position":1,"name":"Startseite","item":"https:\/\/depasz.com\/en\/"},{"@type":"ListItem","position":2,"name":"Terms of Use"}]}]}},"_links":{"self":[{"href":"https:\/\/depasz.com\/en\/wp-json\/wp\/v2\/pages\/56154"}],"collection":[{"href":"https:\/\/depasz.com\/en\/wp-json\/wp\/v2\/pages"}],"about":[{"href":"https:\/\/depasz.com\/en\/wp-json\/wp\/v2\/types\/page"}],"author":[{"embeddable":true,"href":"https:\/\/depasz.com\/en\/wp-json\/wp\/v2\/users\/1"}],"replies":[{"embeddable":true,"href":"https:\/\/depasz.com\/en\/wp-json\/wp\/v2\/comments?post=56154"}],"version-history":[{"count":13,"href":"https:\/\/depasz.com\/en\/wp-json\/wp\/v2\/pages\/56154\/revisions"}],"predecessor-version":[{"id":57177,"href":"https:\/\/depasz.com\/en\/wp-json\/wp\/v2\/pages\/56154\/revisions\/57177"}],"wp:attachment":[{"href":"https:\/\/depasz.com\/en\/wp-json\/wp\/v2\/media?parent=56154"}],"curies":[{"name":"wp","href":"https:\/\/api.w.org\/{rel}","templated":true}]}}